{"id":8,"date":"2026-05-15T19:20:38","date_gmt":"2026-05-15T19:20:38","guid":{"rendered":"http:\/\/zrodelko.pl\/?page_id=8"},"modified":"2026-05-16T18:26:41","modified_gmt":"2026-05-16T18:26:41","slug":"ostaniec-najlepsza-woda-z-jury","status":"publish","type":"page","link":"https:\/\/zrodelko.pl\/","title":{"rendered":"OSTANIEC  Najlepsza Woda z Jury"},"content":{"rendered":"[vc_row type=&#8221;full_width_background&#8221; full_screen_row_position=&#8221;middle&#8221; column_margin=&#8221;default&#8221; equal_height=&#8221;yes&#8221; column_direction=&#8221;default&#8221; column_direction_tablet=&#8221;default&#8221; column_direction_phone=&#8221;default&#8221; bg_color=&#8221;#FFFFFFE6&#8243; bg_image=&#8221;96&#8243; background_image_preload=&#8221;true&#8221; bg_image_type=&#8221;default&#8221; bg_position=&#8221;center center&#8221; background_image_loading=&#8221;default&#8221; bg_repeat=&#8221;no-repeat&#8221; full_height=&#8221;yes&#8221; scene_position=&#8221;center&#8221; top_padding=&#8221;40&#8243; bottom_padding=&#8221;36&#8243; left_padding_desktop=&#8221;56&#8243; right_padding_desktop=&#8221;56&#8243; right_margin=&#8221;-140&#8243; text_color=&#8221;light&#8221; text_align=&#8221;left&#8221; row_border_radius=&#8221;custom&#8221; row_border_radius_applies=&#8221;bg&#8221; top_left_border_radius=&#8221;40&#8243; top_right_border_radius=&#8221;40&#8243; bottom_right_border_radius=&#8221;40&#8243; bottom_left_border_radius=&#8221;40&#8243; zindex=&#8221;3&#8243; row_position_desktop=&#8221;default&#8221; row_position_tablet=&#8221;inherit&#8221; row_position_phone=&#8221;inherit&#8221; overflow=&#8221;visible&#8221; color_overlay=&#8221;#FFF6E4&#8243; color_overlay_2=&#8221;#FFF6E4&#8243; overlay_strength=&#8221;0.3&#8243; gradient_direction=&#8221;left_to_right&#8221; shape_divider_position=&#8221;bottom&#8221; bg_image_animation=&#8221;none&#8221; shape_type=&#8221;&#8221; gradient_type=&#8221;default&#8221;][vc_column top_padding_desktop=&#8221;40&#8243; bottom_padding_desktop=&#8221;36&#8243; left_padding_desktop=&#8221;56&#8243; right_padding_desktop=&#8221;56&#8243; right_margin=&#8221;-140&#8243; column_element_direction_desktop=&#8221;default&#8221; column_element_spacing=&#8221;default&#8221; desktop_text_alignment=&#8221;default&#8221; tablet_text_alignment=&#8221;default&#8221; phone_text_alignment=&#8221;default&#8221; background_color=&#8221;#FFFFFFE6&#8243; background_color_opacity=&#8221;1&#8243; background_hover_color_opacity=&#8221;1&#8243; column_backdrop_filter=&#8221;none&#8221; column_shadow=&#8221;none&#8221; column_border_radius=&#8221;custom&#8221; top_left_border_radius=&#8221;40&#8243; top_right_border_radius=&#8221;40&#8243; bottom_right_border_radius=&#8221;40&#8243; bottom_left_border_radius=&#8221;40&#8243; column_link_target=&#8221;_self&#8221; column_position=&#8221;default&#8221; zindex=&#8221;3&#8243; overflow=&#8221;hidden&#8221; gradient_direction=&#8221;left_to_right&#8221; overlay_strength=&#8221;0.3&#8243; width=&#8221;2\/3&#8243; tablet_width_inherit=&#8221;default&#8221; animation_type=&#8221;default&#8221; bg_image_animation=&#8221;none&#8221; border_type=&#8221;simple&#8221; column_border_width=&#8221;none&#8221; column_border_style=&#8221;solid&#8221; column_padding_type=&#8221;advanced&#8221; content_layout=&#8221;default&#8221; gradient_type=&#8221;default&#8221;][image_with_animation image_url=&#8221;104&#8243; image_size=&#8221;custom&#8221; max_width=&#8221;100%&#8221; max_width_mobile=&#8221;default&#8221; animation_type=&#8221;entrance&#8221; animation=&#8221;None&#8221; animation_movement_type=&#8221;transform_y&#8221; hover_animation=&#8221;none&#8221; alignment=&#8221;&#8221; border_radius=&#8221;none&#8221; box_shadow=&#8221;none&#8221; image_loading=&#8221;default&#8221; custom_image_size=&#8221;172&#215;115&#8243;][vc_custom_heading text=&#8221;Woda prosto z Jury pod Twoje drzwi.&#8221; font_container=&#8221;tag:h1|font_size:68px|text_align:left|color:%231A0B2E|line_height:74px&#8221; google_fonts=&#8221;font_family:Montserrat%3Aregular%2C700|font_style:700%20bold%20regular%3A700%3Anormal&#8221; css=&#8221;.vc_custom_1778940289443{margin-top: 16px !important;margin-bottom: 22px !important;}&#8221;][vc_custom_heading text=&#8221;Dostawy do dom\u00f3w i biur. Zam\u00f3w telefonicznie lub online.&#8221; font_container=&#8221;tag:p|font_size:18px|text_align:left|color:%231A0B2E|line_height:28px&#8221; google_fonts=&#8221;font_family:Montserrat%3Aregular%2C700|font_style:400%20regular%3A400%3Anormal&#8221; css=&#8221;.vc_custom_1778940273948{margin-bottom: 32px !important;}&#8221;][vc_column_text css=&#8221;&#8221; text_direction=&#8221;ltr&#8221;]\n<div style=\"margin-top: 10px;\">\n<div style=\"display: flex; align-items: center; gap: 24px; flex-wrap: wrap;\"><a style=\"display: inline-flex; align-items: center; background-color: #6a6076; color: #ffffff; font-family: 'Montserrat', sans-serif; font-size: 16px; font-weight: 800; text-transform: uppercase; letter-spacing: 0.5px; height: 56px; padding: 0 10px 0 32px; border-radius: 50px; text-decoration: none; box-shadow: 0 10px 25px rgba(28, 15, 56, 0.2);\" href=\"#\"><br \/>\n<span style=\"line-height: 1;\">ZAM\u00d3W TERAZ<\/span><br \/>\n<span style=\"display: inline-flex; align-items: center; justify-content: center; background-color: #ffffff; color: #6a6076; border-radius: 50%; width: 38px; height: 38px; margin-left: 16px; font-size: 20px; font-weight: bold; line-height: 1;\">\u2794<\/span><br \/>\n<\/a><span style=\"font-family: 'Montserrat', sans-serif; font-size: 16px; color: #6b7280; font-weight: 400;\"><br \/>\nlub zadzwo\u0144: <a style=\"font-weight: 800; color: #4b5563; text-decoration: none; margin-left: 4px;\" href=\"tel:+48533147599\">+48 533 147 599<\/a><br \/>\n<\/span><\/div>\n<hr style=\"border: 0; border-top: 1px solid #E5E7EB; margin: 32px 0 24px 0;\" \/>\n<div style=\"display: flex; align-items: center; gap: 16px; flex-wrap: wrap;\"><span style=\"display: inline-flex; align-items: center; gap: 8px; background: #FFFFFF; border: 1px solid #E5E7EB; border-radius: 50px; padding: 10px 20px; font-family: 'Montserrat', sans-serif; font-size: 14px; font-weight: 400; color: #6b7280; line-height: 1;\"><br \/>\n<i class=\"fa fa-mobile\" style=\"color: #7c3aed; font-size: 18px; line-height: 1;\"><\/i> Zam\u00f3wienia SMS 24 h<br \/>\n<\/span><br \/>\n<span style=\"display: inline-flex; align-items: center; gap: 8px; background: #FFFFFF; border: 1px solid #E5E7EB; border-radius: 50px; padding: 10px 20px; font-family: 'Montserrat', sans-serif; font-size: 14px; font-weight: 400; color: #6b7280; line-height: 1;\"><br \/>\n<i class=\"fa fa-truck\" style=\"color: #7c3aed; font-size: 16px; line-height: 1;\"><\/i> Elastyczne Terminy Dostaw<br \/>\n<\/span><br \/>\n<span style=\"display: inline-flex; align-items: center; gap: 8px; background: #FFFFFF; border: 1px solid #E5E7EB; border-radius: 50px; padding: 10px 20px; font-family: 'Montserrat', sans-serif; font-size: 14px; font-weight: 400; color: #6b7280; line-height: 1;\"><br \/>\n<i class=\"fa fa-calendar\" style=\"color: #7c3aed; font-size: 16px; line-height: 1;\"><\/i> Dostawy Dostosowane Do Sezonowych Potrzeb Klienta<br \/>\n<\/span><\/div>\n<\/div>\n[\/vc_column_text][\/vc_column][vc_column column_padding=&#8221;no-extra-padding&#8221; column_padding_tablet=&#8221;inherit&#8221; column_padding_phone=&#8221;inherit&#8221; column_padding_position=&#8221;all&#8221; top_margin=&#8221;80&#8243; left_margin=&#8221;100&#8243; column_element_direction_desktop=&#8221;default&#8221; column_element_spacing=&#8221;default&#8221; desktop_text_alignment=&#8221;default&#8221; tablet_text_alignment=&#8221;default&#8221; phone_text_alignment=&#8221;default&#8221; background_color_opacity=&#8221;1&#8243; background_hover_color_opacity=&#8221;1&#8243; column_backdrop_filter=&#8221;none&#8221; column_shadow=&#8221;none&#8221; column_border_radius=&#8221;none&#8221; column_link_target=&#8221;_self&#8221; column_position=&#8221;default&#8221; gradient_direction=&#8221;left_to_right&#8221; overlay_strength=&#8221;0.3&#8243; width=&#8221;1\/3&#8243; tablet_width_inherit=&#8221;default&#8221; animation_type=&#8221;default&#8221; bg_image_animation=&#8221;none&#8221; border_type=&#8221;simple&#8221; column_border_width=&#8221;none&#8221; column_border_style=&#8221;solid&#8221; column_padding_type=&#8221;default&#8221; content_layout=&#8221;default&#8221; gradient_type=&#8221;default&#8221;][vc_column_text css=&#8221;&#8221; text_direction=&#8221;default&#8221;]\n<div style=\"position: relative; z-index: 10; margin-left: 40px; margin-top: 20px; display: block;\"><a style=\"display: inline-flex; align-items: center; background: #FFFFFF; padding: 8px 32px 8px 8px; border-radius: 50px; text-decoration: none; box-shadow: 0 15px 30px rgba(0,0,0,0.08), 0 0 60px 30px rgba(255,255,255,0.6);\" href=\"#\"><br \/>\n<span style=\"background: #352B4E; min-width: 48px; height: 48px; border-radius: 50%; display: inline-flex; justify-content: center; align-items: center; margin-right: 16px;\"><br \/>\n<i class=\"fa fa-truck\" style=\"color: #ffffff; font-size: 20px;\"><\/i><br \/>\n<\/span><br \/>\n<span style=\"display: inline-flex; flex-direction: column;\"><br \/>\n<span style=\"font-family: 'Montserrat', sans-serif; font-size: 17px; font-weight: 800; color: #1c0f38; line-height: 1.2;\">Pierwszy zakup<\/span><br \/>\n<span style=\"font-family: 'Montserrat', sans-serif; font-size: 11px; font-weight: 600; color: #6b7280; letter-spacing: 0.5px; text-transform: uppercase; margin-top: 4px;\">Z DOSTAW\u0104 KURIEREM 24H \u2022 CA\u0141A POLSKA<\/span><br \/>\n<\/span><br \/>\n<\/a><\/div>\n[\/vc_column_text][image_with_animation image_url=&#8221;130&#8243; image_size=&#8221;full&#8221; max_width=&#8221;100%&#8221; max_width_mobile=&#8221;default&#8221; animation_type=&#8221;entrance&#8221; animation=&#8221;None&#8221; animation_movement_type=&#8221;transform_y&#8221; hover_animation=&#8221;none&#8221; alignment=&#8221;right&#8221; border_radius=&#8221;none&#8221; box_shadow=&#8221;none&#8221; image_loading=&#8221;default&#8221;][vc_column_text css=&#8221;&#8221; text_direction=&#8221;ltr&#8221;]\n<div style=\"position: relative; z-index: 10; margin-left: 40px; margin-top: -80px; display: block; margin-bottom: 20px;\"><a style=\"display: inline-flex; align-items: center; background: #FFFFFF; padding: 8px 32px 8px 8px; border-radius: 50px; box-shadow: 0 15px 30px rgba(0,0,0,0.08); text-decoration: none;\" href=\"#\"><br \/>\n<span style=\"background: #6A6076; min-width: 48px; height: 48px; border-radius: 50%; display: inline-flex; justify-content: center; align-items: center; margin-right: 16px;\"><br \/>\n<i class=\"fa fa-refresh\" style=\"color: #ffffff; font-size: 20px;\"><\/i><br \/>\n<\/span><br \/>\n<span style=\"display: inline-flex; flex-direction: column;\"><br \/>\n<span style=\"font-family: 'Montserrat', sans-serif; font-size: 17px; font-weight: 800; color: #1c0f38; line-height: 1.2;\">Wymie\u0144 butl\u0119 na pe\u0142n\u0105<\/span><br \/>\n<span style=\"font-family: 'Montserrat', sans-serif; font-size: 11px; font-weight: 600; color: #6b7280; letter-spacing: 0.5px; text-transform: uppercase; margin-top: 4px;\">WYMIANA KURIEREM<\/span><br \/>\n<\/span><br \/>\n<\/a><\/div>\n[\/vc_column_text][\/vc_column][\/vc_row][vc_row type=&#8221;in_container&#8221; full_screen_row_position=&#8221;middle&#8221; column_margin=&#8221;default&#8221; column_direction=&#8221;default&#8221; column_direction_tablet=&#8221;default&#8221; column_direction_phone=&#8221;default&#8221; scene_position=&#8221;center&#8221; top_padding=&#8221;60px&#8221; text_color=&#8221;dark&#8221; text_align=&#8221;left&#8221; row_border_radius=&#8221;none&#8221; row_border_radius_applies=&#8221;bg&#8221; row_position_desktop=&#8221;default&#8221; row_position_tablet=&#8221;inherit&#8221; row_position_phone=&#8221;inherit&#8221; overflow=&#8221;visible&#8221; overlay_strength=&#8221;0.3&#8243; gradient_direction=&#8221;left_to_right&#8221; shape_divider_position=&#8221;bottom&#8221; bg_image_animation=&#8221;none&#8221; gradient_type=&#8221;default&#8221; shape_type=&#8221;&#8221;][vc_column column_padding=&#8221;no-extra-padding&#8221; column_padding_tablet=&#8221;inherit&#8221; column_padding_phone=&#8221;inherit&#8221; column_padding_position=&#8221;all&#8221; flex_gap_desktop=&#8221;10px&#8221; column_element_direction_desktop=&#8221;default&#8221; column_element_spacing=&#8221;default&#8221; desktop_text_alignment=&#8221;default&#8221; tablet_text_alignment=&#8221;default&#8221; phone_text_alignment=&#8221;default&#8221; background_color_opacity=&#8221;1&#8243; background_hover_color_opacity=&#8221;1&#8243; column_backdrop_filter=&#8221;none&#8221; column_shadow=&#8221;none&#8221; column_border_radius=&#8221;none&#8221; column_link_target=&#8221;_self&#8221; column_position=&#8221;default&#8221; gradient_direction=&#8221;left_to_right&#8221; overlay_strength=&#8221;0.3&#8243; width=&#8221;1\/4&#8243; tablet_width_inherit=&#8221;default&#8221; animation_type=&#8221;default&#8221; bg_image_animation=&#8221;none&#8221; border_type=&#8221;simple&#8221; column_border_width=&#8221;none&#8221; column_border_style=&#8221;solid&#8221;][image_with_animation image_url=&#8221;156&#8243; image_size=&#8221;full&#8221; max_width=&#8221;100%&#8221; max_width_mobile=&#8221;default&#8221; animation_type=&#8221;entrance&#8221; animation=&#8221;None&#8221; animation_movement_type=&#8221;transform_y&#8221; hover_animation=&#8221;none&#8221; alignment=&#8221;center&#8221; border_radius=&#8221;none&#8221; box_shadow=&#8221;none&#8221; image_loading=&#8221;default&#8221;][vc_column_text css=&#8221;&#8221; text_direction=&#8221;default&#8221;]<b data-path-to-node=\"6,1,1,0\" data-index-in-node=\"0\">Woda \u0179r\u00f3dlana Ostaniec 18,5L<\/b><\/p>\n<p><b data-path-to-node=\"6,1,1,0\" data-index-in-node=\"29\">Dostawa Kurierem 24h<\/b><\/p>\n[\/vc_column_text][\/vc_column][vc_column column_padding=&#8221;no-extra-padding&#8221; column_padding_tablet=&#8221;inherit&#8221; column_padding_phone=&#8221;inherit&#8221; column_padding_position=&#8221;all&#8221; flex_gap_desktop=&#8221;10px&#8221; column_element_direction_desktop=&#8221;default&#8221; column_element_spacing=&#8221;default&#8221; desktop_text_alignment=&#8221;default&#8221; tablet_text_alignment=&#8221;default&#8221; phone_text_alignment=&#8221;default&#8221; background_color_opacity=&#8221;1&#8243; background_hover_color_opacity=&#8221;1&#8243; column_backdrop_filter=&#8221;none&#8221; column_shadow=&#8221;none&#8221; column_border_radius=&#8221;none&#8221; column_link_target=&#8221;_self&#8221; column_position=&#8221;default&#8221; gradient_direction=&#8221;left_to_right&#8221; overlay_strength=&#8221;0.3&#8243; width=&#8221;1\/4&#8243; tablet_width_inherit=&#8221;default&#8221; animation_type=&#8221;default&#8221; bg_image_animation=&#8221;none&#8221; border_type=&#8221;simple&#8221; column_border_width=&#8221;none&#8221; column_border_style=&#8221;solid&#8221;][\/vc_column][vc_column column_padding=&#8221;no-extra-padding&#8221; column_padding_tablet=&#8221;inherit&#8221; column_padding_phone=&#8221;inherit&#8221; column_padding_position=&#8221;all&#8221; flex_gap_desktop=&#8221;10px&#8221; column_element_direction_desktop=&#8221;default&#8221; column_element_spacing=&#8221;default&#8221; desktop_text_alignment=&#8221;default&#8221; tablet_text_alignment=&#8221;default&#8221; phone_text_alignment=&#8221;default&#8221; background_color_opacity=&#8221;1&#8243; background_hover_color_opacity=&#8221;1&#8243; column_backdrop_filter=&#8221;none&#8221; column_shadow=&#8221;none&#8221; column_border_radius=&#8221;none&#8221; column_link_target=&#8221;_self&#8221; column_position=&#8221;default&#8221; gradient_direction=&#8221;left_to_right&#8221; overlay_strength=&#8221;0.3&#8243; width=&#8221;1\/4&#8243; tablet_width_inherit=&#8221;default&#8221; animation_type=&#8221;default&#8221; bg_image_animation=&#8221;none&#8221; border_type=&#8221;simple&#8221; column_border_width=&#8221;none&#8221; column_border_style=&#8221;solid&#8221;][\/vc_column][vc_column column_padding=&#8221;no-extra-padding&#8221; column_padding_tablet=&#8221;inherit&#8221; column_padding_phone=&#8221;inherit&#8221; column_padding_position=&#8221;all&#8221; flex_gap_desktop=&#8221;10px&#8221; column_element_direction_desktop=&#8221;default&#8221; column_element_spacing=&#8221;default&#8221; desktop_text_alignment=&#8221;default&#8221; tablet_text_alignment=&#8221;default&#8221; phone_text_alignment=&#8221;default&#8221; background_color_opacity=&#8221;1&#8243; background_hover_color_opacity=&#8221;1&#8243; column_backdrop_filter=&#8221;none&#8221; column_shadow=&#8221;none&#8221; column_border_radius=&#8221;none&#8221; column_link_target=&#8221;_self&#8221; column_position=&#8221;default&#8221; gradient_direction=&#8221;left_to_right&#8221; overlay_strength=&#8221;0.3&#8243; width=&#8221;1\/4&#8243; tablet_width_inherit=&#8221;default&#8221; animation_type=&#8221;default&#8221; bg_image_animation=&#8221;none&#8221; border_type=&#8221;simple&#8221; column_border_width=&#8221;none&#8221; column_border_style=&#8221;solid&#8221;][\/vc_column][\/vc_row][vc_row type=&#8221;in_container&#8221; full_screen_row_position=&#8221;middle&#8221; column_margin=&#8221;default&#8221; column_direction=&#8221;default&#8221; column_direction_tablet=&#8221;default&#8221; column_direction_phone=&#8221;default&#8221; scene_position=&#8221;center&#8221; text_color=&#8221;dark&#8221; text_align=&#8221;left&#8221; row_border_radius=&#8221;none&#8221; row_border_radius_applies=&#8221;bg&#8221; row_position_desktop=&#8221;default&#8221; row_position_tablet=&#8221;inherit&#8221; row_position_phone=&#8221;inherit&#8221; overflow=&#8221;visible&#8221; overlay_strength=&#8221;0.3&#8243; gradient_direction=&#8221;left_to_right&#8221; shape_divider_position=&#8221;bottom&#8221; bg_image_animation=&#8221;none&#8221;][vc_column column_padding=&#8221;no-extra-padding&#8221; column_padding_tablet=&#8221;inherit&#8221; column_padding_phone=&#8221;inherit&#8221; column_padding_position=&#8221;all&#8221; flex_gap_desktop=&#8221;10px&#8221; column_element_direction_desktop=&#8221;default&#8221; column_element_spacing=&#8221;default&#8221; desktop_text_alignment=&#8221;default&#8221; tablet_text_alignment=&#8221;default&#8221; phone_text_alignment=&#8221;default&#8221; background_color_opacity=&#8221;1&#8243; background_hover_color_opacity=&#8221;1&#8243; column_backdrop_filter=&#8221;none&#8221; column_shadow=&#8221;none&#8221; column_border_radius=&#8221;none&#8221; column_link_target=&#8221;_self&#8221; column_position=&#8221;default&#8221; gradient_direction=&#8221;left_to_right&#8221; overlay_strength=&#8221;0.3&#8243; width=&#8221;1\/1&#8243; tablet_width_inherit=&#8221;default&#8221; animation_type=&#8221;default&#8221; bg_image_animation=&#8221;none&#8221; border_type=&#8221;simple&#8221; column_border_width=&#8221;none&#8221; column_border_style=&#8221;solid&#8221;][image_with_animation image_url=&#8221;154&#8243; image_size=&#8221;full&#8221; max_width=&#8221;100%&#8221; max_width_mobile=&#8221;default&#8221; animation_type=&#8221;entrance&#8221; animation=&#8221;None&#8221; animation_movement_type=&#8221;transform_y&#8221; hover_animation=&#8221;none&#8221; alignment=&#8221;&#8221; border_radius=&#8221;none&#8221; box_shadow=&#8221;none&#8221; image_loading=&#8221;default&#8221;][\/vc_column][\/vc_row]\n","protected":false},"excerpt":{"rendered":"<p>[vc_row type=&#8221;full_width_background&#8221; full_screen_row_position=&#8221;middle&#8221; column_margin=&#8221;default&#8221; equal_height=&#8221;yes&#8221; column_direction=&#8221;default&#8221; column_direction_tablet=&#8221;default&#8221; column_direction_phone=&#8221;default&#8221; bg_color=&#8221;#FFFFFFE6&#8243; bg_image=&#8221;96&#8243; background_image_preload=&#8221;true&#8221; bg_image_type=&#8221;default&#8221; bg_position=&#8221;center center&#8221; background_image_loading=&#8221;default&#8221; bg_repeat=&#8221;no-repeat&#8221; full_height=&#8221;yes&#8221; scene_position=&#8221;center&#8221; top_padding=&#8221;40&#8243; bottom_padding=&#8221;36&#8243; left_padding_desktop=&#8221;56&#8243; right_padding_desktop=&#8221;56&#8243; right_margin=&#8221;-140&#8243; text_color=&#8221;light&#8221; text_align=&#8221;left&#8221; row_border_radius=&#8221;custom&#8221; row_border_radius_applies=&#8221;bg&#8221; top_left_border_radius=&#8221;40&#8243; top_right_border_radius=&#8221;40&#8243; bottom_right_border_radius=&#8221;40&#8243;&#8230;<\/p>\n","protected":false},"author":1,"featured_media":0,"parent":0,"menu_order":0,"comment_status":"closed","ping_status":"closed","template":"","meta":{"footnotes":""},"class_list":["post-8","page","type-page","status-publish"],"_links":{"self":[{"href":"https:\/\/zrodelko.pl\/index.php?rest_route=\/wp\/v2\/pages\/8","targetHints":{"allow":["GET"]}}],"collection":[{"href":"https:\/\/zrodelko.pl\/index.php?rest_route=\/wp\/v2\/pages"}],"about":[{"href":"https:\/\/zrodelko.pl\/index.php?rest_route=\/wp\/v2\/types\/page"}],"author":[{"embeddable":true,"href":"https:\/\/zrodelko.pl\/index.php?rest_route=\/wp\/v2\/users\/1"}],"replies":[{"embeddable":true,"href":"https:\/\/zrodelko.pl\/index.php?rest_route=%2Fwp%2Fv2%2Fcomments&post=8"}],"version-history":[{"count":117,"href":"https:\/\/zrodelko.pl\/index.php?rest_route=\/wp\/v2\/pages\/8\/revisions"}],"predecessor-version":[{"id":157,"href":"https:\/\/zrodelko.pl\/index.php?rest_route=\/wp\/v2\/pages\/8\/revisions\/157"}],"wp:attachment":[{"href":"https:\/\/zrodelko.pl\/index.php?rest_route=%2Fwp%2Fv2%2Fmedia&parent=8"}],"curies":[{"name":"wp","href":"https:\/\/api.w.org\/{rel}","templated":true}]}}